{"id":22,"date":"2026-01-13T04:50:05","date_gmt":"2026-01-13T04:50:05","guid":{"rendered":"http:\/\/rentwise-housing.com\/?page_id=22"},"modified":"2026-02-13T03:08:37","modified_gmt":"2026-02-13T03:08:37","slug":"home","status":"publish","type":"page","link":"https:\/\/rentwise-housing.com\/es\/","title":{"rendered":"Home"},"content":{"rendered":"<div data-elementor-type=\"wp-page\" data-elementor-id=\"22\" class=\"elementor elementor-22\" data-elementor-post-type=\"page\">\n\t\t\t\t<div class=\"elementor-element elementor-element-2da7a8ec e-flex e-con-boxed e-con e-parent\" data-id=\"2da7a8ec\" data-element_type=\"container\" data-e-type=\"container\" data-settings=\"{&quot;background_background&quot;:&quot;gradient&quot;}\">\n\t\t\t\t\t<div class=\"e-con-inner\">\n\t\t\t\t<div class=\"elementor-element elementor-element-3cb948ef elementor-widget__width-initial animated-slow elementor-invisible elementor-widget elementor-widget-heading\" data-id=\"3cb948ef\" data-element_type=\"widget\" data-e-type=\"widget\" data-settings=\"{&quot;_animation&quot;:&quot;fadeInUp&quot;}\" data-widget_type=\"heading.default\">\n\t\t\t\t\t<h1 class=\"elementor-heading-title elementor-size-default translation-block\">Mediaci\u00f3n inteligente.<br> Alquiler seguro.<\/h1>\t\t\t\t<\/div>\n\t\t\t\t<div class=\"elementor-element elementor-element-4c117dc elementor-widget elementor-widget-text-editor\" data-id=\"4c117dc\" data-element_type=\"widget\" data-e-type=\"widget\" data-widget_type=\"text-editor.default\">\n\t\t\t\t\t\t\t\t\t<p class=\"translation-block\">RentWise conecta a inquilinos y propietarios a trav\u00e9s de un proceso transparente y personal.<\/p>\t\t\t\t\t\t\t\t<\/div>\n\t\t<div class=\"elementor-element elementor-element-66c8a45e e-con-full e-flex e-con e-child\" data-id=\"66c8a45e\" data-element_type=\"container\" data-e-type=\"container\">\n\t\t\t\t<div class=\"elementor-element elementor-element-7483ac24 elementor-mobile-align-center elementor-widget elementor-widget-button\" data-id=\"7483ac24\" data-element_type=\"widget\" data-e-type=\"widget\" data-widget_type=\"button.default\">\n\t\t\t\t\t\t\t\t\t\t<a class=\"elementor-button elementor-button-link elementor-size-sm elementor-animation-bob\" href=\"https:\/\/rentwise-housing.com\/es\/search-your-listing-id\/\">\n\t\t\t\t\t\t<span class=\"elementor-button-content-wrapper\">\n\t\t\t\t\t\t\t\t\t<span class=\"elementor-button-text\">Ver ofertas actuales<\/span>\n\t\t\t\t\t<\/span>\n\t\t\t\t\t<\/a>\n\t\t\t\t\t\t\t\t<\/div>\n\t\t\t\t<div class=\"elementor-element elementor-element-8107b4a elementor-widget elementor-widget-button\" data-id=\"8107b4a\" data-element_type=\"widget\" data-e-type=\"widget\" data-widget_type=\"button.default\">\n\t\t\t\t\t\t\t\t\t\t<a class=\"elementor-button elementor-button-link elementor-size-sm\" href=\"https:\/\/rentwise-housing.com\/es\/respond-listing\/\">\n\t\t\t\t\t\t<span class=\"elementor-button-content-wrapper\">\n\t\t\t\t\t\t\t\t\t<span class=\"elementor-button-text\">Responder a un anuncio<\/span>\n\t\t\t\t\t<\/span>\n\t\t\t\t\t<\/a>\n\t\t\t\t\t\t\t\t<\/div>\n\t\t\t\t<\/div>\n\t\t\t\t\t<\/div>\n\t\t\t\t<\/div>\n\t\t<div class=\"elementor-element elementor-element-73213193 e-flex e-con-boxed e-con e-parent\" data-id=\"73213193\" data-element_type=\"container\" data-e-type=\"container\" data-settings=\"{&quot;background_background&quot;:&quot;classic&quot;}\">\n\t\t\t\t\t<div class=\"e-con-inner\">\n\t\t\t\t<div class=\"elementor-element elementor-element-d4cc3ab elementor-widget__width-initial animated-slow elementor-invisible elementor-widget elementor-widget-heading\" data-id=\"d4cc3ab\" data-element_type=\"widget\" data-e-type=\"widget\" data-settings=\"{&quot;_animation&quot;:&quot;fadeInUp&quot;}\" data-widget_type=\"heading.default\">\n\t\t\t\t\t<h1 class=\"elementor-heading-title elementor-size-default\">Sobre RentWise\n<\/h1>\t\t\t\t<\/div>\n\t\t\t\t<div class=\"elementor-element elementor-element-ce929e9 elementor-widget-divider--view-line elementor-widget elementor-widget-divider\" data-id=\"ce929e9\" data-element_type=\"widget\" data-e-type=\"widget\" data-widget_type=\"divider.default\">\n\t\t\t\t\t\t\t<div class=\"elementor-divider\">\n\t\t\t<span class=\"elementor-divider-separator\">\n\t\t\t\t\t\t<\/span>\n\t\t<\/div>\n\t\t\t\t\t\t<\/div>\n\t\t<div class=\"elementor-element elementor-element-8fdd1bd e-con-full e-grid e-con e-child\" data-id=\"8fdd1bd\" data-element_type=\"container\" data-e-type=\"container\">\n\t\t<div class=\"elementor-element elementor-element-5647f9b e-con-full animated-slow e-flex elementor-invisible e-con e-child\" data-id=\"5647f9b\" data-element_type=\"container\" data-e-type=\"container\" data-settings=\"{&quot;background_background&quot;:&quot;classic&quot;,&quot;animation&quot;:&quot;fadeInUp&quot;}\">\n\t\t\t\t<div class=\"elementor-element elementor-element-9292af3 elementor-view-stacked elementor-shape-circle elementor-position-block-start elementor-widget elementor-widget-icon-box\" data-id=\"9292af3\" data-element_type=\"widget\" data-e-type=\"widget\" data-widget_type=\"icon-box.default\">\n\t\t\t\t\t\t\t<div class=\"elementor-icon-box-wrapper\">\n\n\t\t\t\t\t\t<div class=\"elementor-icon-box-icon\">\n\t\t\t\t<span  class=\"elementor-icon\">\n\t\t\t\t<svg class=\"ekit-svg-icon icon-users\" viewbox=\"0 0 32 32\" xmlns=\"http:\/\/www.w3.org\/2000\/svg\"><path d=\"M29.6 28.8h-17.6c-1.323 0-2.4-1.077-2.4-2.4 0-0.077 0.017-1.905 1.479-3.704 0.84-1.034 1.986-1.853 3.405-2.436 1.714-0.703 3.839-1.060 6.316-1.060s4.602 0.357 6.316 1.060c1.419 0.582 2.565 1.402 3.405 2.436 1.462 1.8 1.479 3.628 1.479 3.704 0 1.323-1.077 2.4-2.4 2.4zM11.2 26.404c0.002 0.439 0.36 0.796 0.8 0.796h17.6c0.44 0 0.798-0.357 0.8-0.796-0.002-0.056-0.052-1.431-1.183-2.775-1.559-1.851-4.469-2.83-8.417-2.83s-6.858 0.978-8.417 2.83c-1.131 1.343-1.181 2.719-1.183 2.775zM20.8 17.6c-3.529 0-6.4-2.871-6.4-6.4s2.871-6.4 6.4-6.4 6.4 2.871 6.4 6.4c0 3.529-2.871 6.4-6.4 6.4zM20.8 6.4c-2.647 0-4.8 2.153-4.8 4.8s2.153 4.8 4.8 4.8 4.8-2.153 4.8-4.8-2.153-4.8-4.8-4.8zM7.2 28.8h-4.8c-1.323 0-2.4-1.077-2.4-2.4 0-0.060 0.012-1.483 1.060-2.88 0.605-0.807 1.431-1.447 2.453-1.901 1.223-0.543 2.732-0.819 4.487-0.819 0.286 0 0.57 0.007 0.843 0.022 0.441 0.024 0.78 0.4 0.756 0.841s-0.399 0.78-0.841 0.756c-0.245-0.013-0.499-0.020-0.757-0.020-6.23 0-6.396 3.807-6.4 4.004 0.002 0.439 0.36 0.796 0.8 0.796h4.8c0.442 0 0.8 0.358 0.8 0.8s-0.358 0.8-0.8 0.8zM8 19.2c-2.647 0-4.8-2.153-4.8-4.8s2.153-4.8 4.8-4.8 4.8 2.153 4.8 4.8-2.153 4.8-4.8 4.8zM8 11.2c-1.764 0-3.2 1.435-3.2 3.2s1.436 3.2 3.2 3.2 3.2-1.436 3.2-3.2c0-1.764-1.435-3.2-3.2-3.2z\"><\/path><\/svg>\t\t\t\t<\/span>\n\t\t\t<\/div>\n\t\t\t\n\t\t\t\t\t\t<div class=\"elementor-icon-box-content\">\n\n\t\t\t\t\t\t\t\t\t<h3 class=\"elementor-icon-box-title\">\n\t\t\t\t\t\t<span  >\n\t\t\t\t\t\t\tNuestra misi\u00f3n\t\t\t\t\t\t<\/span>\n\t\t\t\t\t<\/h3>\n\t\t\t\t\n\t\t\t\t\t\t\t\t\t<p class=\"elementor-icon-box-description\">\n\t\t\t\t\t\tCrear la combinaci\u00f3n perfecta entre propietario e inquilino a trav\u00e9s de la honestidad, transparencia y atenci\u00f3n personal.\t\t\t\t\t<\/p>\n\t\t\t\t\n\t\t\t<\/div>\n\t\t\t\n\t\t<\/div>\n\t\t\t\t\t\t<\/div>\n\t\t\t\t<\/div>\n\t\t<div class=\"elementor-element elementor-element-8d95f8f e-con-full animated-slow e-flex elementor-invisible e-con e-child\" data-id=\"8d95f8f\" data-element_type=\"container\" data-e-type=\"container\" data-settings=\"{&quot;background_background&quot;:&quot;classic&quot;,&quot;animation&quot;:&quot;fadeInUp&quot;}\">\n\t\t\t\t<div class=\"elementor-element elementor-element-9cb6a73 elementor-view-stacked elementor-shape-circle elementor-position-block-start elementor-widget elementor-widget-icon-box\" data-id=\"9cb6a73\" data-element_type=\"widget\" data-e-type=\"widget\" data-widget_type=\"icon-box.default\">\n\t\t\t\t\t\t\t<div class=\"elementor-icon-box-wrapper\">\n\n\t\t\t\t\t\t<div class=\"elementor-icon-box-icon\">\n\t\t\t\t<span  class=\"elementor-icon\">\n\t\t\t\t<svg class=\"ekit-svg-icon icon-checked1\" viewbox=\"0 0 32 32\" xmlns=\"http:\/\/www.w3.org\/2000\/svg\"><path d=\"M28.107 15.39c-0.034-0.471-0.443-0.824-0.914-0.791s-0.825 0.443-0.791 0.914c0.021 0.291 0.032 0.589 0.032 0.887 0 6.816-5.545 12.362-12.362 12.362s-12.362-5.545-12.362-12.362 5.545-12.362 12.362-12.362c2.699 0 5.263 0.854 7.414 2.47 0.378 0.284 0.913 0.208 1.197-0.17s0.208-0.913-0.17-1.197c-2.449-1.84-5.368-2.813-8.441-2.813-7.759-0-14.072 6.313-14.072 14.072s6.313 14.072 14.072 14.072 14.072-6.312 14.072-14.072c0-0.338-0.012-0.678-0.036-1.010zM31.025 4.261c-1.3-1.3-3.417-1.3-4.717 0l-12.319 12.319-4.367-4.367c-1.3-1.3-3.417-1.3-4.717 0s-1.3 3.417 0 4.717l7.521 7.521c0.431 0.431 0.997 0.646 1.563 0.646s1.132-0.215 1.563-0.646l15.473-15.473c1.3-1.3 1.3-3.416 0-4.717zM29.816 7.769l-15.474 15.474c-0.195 0.195-0.512 0.195-0.707 0l-7.521-7.521c-0.634-0.634-0.634-1.665 0-2.299 0.317-0.317 0.733-0.475 1.149-0.475s0.833 0.158 1.149 0.475l4.493 4.493c0.29 0.289 0.674 0.449 1.084 0.449s0.794-0.159 1.084-0.449l12.445-12.445c0.634-0.634 1.665-0.634 2.299 0s0.634 1.665 0 2.299z\"><\/path><\/svg>\t\t\t\t<\/span>\n\t\t\t<\/div>\n\t\t\t\n\t\t\t\t\t\t<div class=\"elementor-icon-box-content\">\n\n\t\t\t\t\t\t\t\t\t<h3 class=\"elementor-icon-box-title\">\n\t\t\t\t\t\t<span  >\n\t\t\t\t\t\t\tC\u00f3mo trabajamos\t\t\t\t\t\t<\/span>\n\t\t\t\t\t<\/h3>\n\t\t\t\t\n\t\t\t\t\t\t\t\t\t<p class=\"elementor-icon-box-description\">\n\t\t\t\t\t\tNo somos propietarios de inmuebles, sino que mediamos para propietarios privados y profesionales. Hacemos esto con comunicaci\u00f3n clara y una selecci\u00f3n cuidadosa.\n\n\t\t\t\t\t<\/p>\n\t\t\t\t\n\t\t\t<\/div>\n\t\t\t\n\t\t<\/div>\n\t\t\t\t\t\t<\/div>\n\t\t\t\t<\/div>\n\t\t<div class=\"elementor-element elementor-element-4dbefe1 e-con-full animated-slow e-flex elementor-invisible e-con e-child\" data-id=\"4dbefe1\" data-element_type=\"container\" data-e-type=\"container\" data-settings=\"{&quot;background_background&quot;:&quot;classic&quot;,&quot;animation&quot;:&quot;fadeInUp&quot;}\">\n\t\t\t\t<div class=\"elementor-element elementor-element-9474b2c elementor-view-stacked elementor-shape-circle elementor-position-block-start elementor-widget elementor-widget-icon-box\" data-id=\"9474b2c\" data-element_type=\"widget\" data-e-type=\"widget\" data-widget_type=\"icon-box.default\">\n\t\t\t\t\t\t\t<div class=\"elementor-icon-box-wrapper\">\n\n\t\t\t\t\t\t<div class=\"elementor-icon-box-icon\">\n\t\t\t\t<span  class=\"elementor-icon\">\n\t\t\t\t<svg class=\"ekit-svg-icon icon-home1\" viewbox=\"0 0 32 32\" xmlns=\"http:\/\/www.w3.org\/2000\/svg\"><path d=\"M31.66 13.404l-15.168-11.106c-0.293-0.214-0.69-0.214-0.982 0l-15.169 11.106c-0.37 0.271-0.451 0.792-0.18 1.162s0.792 0.451 1.162 0.18l14.677-10.746 14.677 10.746c0.148 0.108 0.32 0.161 0.491 0.161 0.256 0 0.509-0.118 0.671-0.34 0.271-0.37 0.191-0.891-0.18-1.162zM27.64 14.934c-0.459 0-0.831 0.372-0.831 0.831v13.234h-6.651v-7.224c0-2.293-1.865-4.157-4.157-4.157s-4.157 1.865-4.157 4.157v7.224h-6.651v-13.234c0-0.459-0.372-0.831-0.831-0.831s-0.831 0.372-0.831 0.831v14.066c0 0.459 0.372 0.831 0.831 0.831h8.314c0.437 0 0.795-0.338 0.828-0.767 0.002-0.019 0.003-0.041 0.003-0.065v-8.056c0-1.376 1.119-2.495 2.495-2.495s2.495 1.119 2.495 2.495v8.056c0 0.024 0.001 0.045 0.003 0.064 0.033 0.429 0.391 0.767 0.828 0.767h8.314c0.459 0 0.831-0.372 0.831-0.831v-14.066c-0-0.459-0.372-0.832-0.831-0.832z\"><\/path><\/svg>\t\t\t\t<\/span>\n\t\t\t<\/div>\n\t\t\t\n\t\t\t\t\t\t<div class=\"elementor-icon-box-content\">\n\n\t\t\t\t\t\t\t\t\t<h3 class=\"elementor-icon-box-title\">\n\t\t\t\t\t\t<span  >\n\t\t\t\t\t\t\t\u00bfPor qu\u00e9 RentWise?\t\t\t\t\t\t<\/span>\n\t\t\t\t\t<\/h3>\n\t\t\t\t\n\t\t\t\t\t\t\t\t\t<p class=\"elementor-icon-box-description\">\n\t\t\t\t\t\tPorque creemos que un hogar feliz comienza con un proceso de alquiler bueno y confiable. Es por eso que los inquilinos nunca nos pagan tarifas, solo cobramos a los propietarios una peque\u00f1a contribuci\u00f3n.\n\n\t\t\t\t\t<\/p>\n\t\t\t\t\n\t\t\t<\/div>\n\t\t\t\n\t\t<\/div>\n\t\t\t\t\t\t<\/div>\n\t\t\t\t<\/div>\n\t\t\t\t<\/div>\n\t\t\t\t\t<\/div>\n\t\t\t\t<\/div>\n\t\t\t\t<\/div>","protected":false},"excerpt":{"rendered":"<p>Smart mediation. Secure renting. RentWise connects tenants and landlords through a transparent and personalprocess. View current listings Respond on a [&hellip;]<\/p>\n","protected":false},"author":6,"featured_media":0,"parent":0,"menu_order":0,"comment_status":"closed","ping_status":"closed","template":"elementor_header_footer","meta":{"site-sidebar-layout":"no-sidebar","site-content-layout":"","ast-site-content-layout":"full-width-container","site-content-style":"default","site-sidebar-style":"default","ast-global-header-display":"","ast-banner-title-visibility":"","ast-main-header-display":"","ast-hfb-above-header-display":"","ast-hfb-below-header-display":"","ast-hfb-mobile-header-display":"","site-post-title":"","ast-breadcrumbs-content":"","ast-featured-img":"disabled","footer-sml-layout":"","ast-disable-related-posts":"","theme-transparent-header-meta":"","adv-header-id-meta":"","stick-header-meta":"","header-above-stick-meta":"","header-main-stick-meta":"","header-below-stick-meta":"","astra-migrate-meta-layouts":"default","ast-page-background-enabled":"default","ast-page-background-meta":{"desktop":{"background-color":"var(--ast-global-color-5)","background-image":"","background-repeat":"repeat","background-position":"center center","background-size":"auto","background-attachment":"scroll","background-type":"","background-media":"","overlay-type":"","overlay-color":"","overlay-opacity":"","overlay-gradient":""},"tablet":{"background-color":"","background-image":"","background-repeat":"repeat","background-position":"center center","background-size":"auto","background-attachment":"scroll","background-type":"","background-media":"","overlay-type":"","overlay-color":"","overlay-opacity":"","overlay-gradient":""},"mobile":{"background-color":"","background-image":"","background-repeat":"repeat","background-position":"center center","background-size":"auto","background-attachment":"scroll","background-type":"","background-media":"","overlay-type":"","overlay-color":"","overlay-opacity":"","overlay-gradient":""}},"ast-content-background-meta":{"desktop":{"background-color":"var(--ast-global-color-4)","background-image":"","background-repeat":"repeat","background-position":"center center","background-size":"auto","background-attachment":"scroll","background-type":"","background-media":"","overlay-type":"","overlay-color":"","overlay-opacity":"","overlay-gradient":""},"tablet":{"background-color":"var(--ast-global-color-4)","background-image":"","background-repeat":"repeat","background-position":"center center","background-size":"auto","background-attachment":"scroll","background-type":"","background-media":"","overlay-type":"","overlay-color":"","overlay-opacity":"","overlay-gradient":""},"mobile":{"background-color":"var(--ast-global-color-4)","background-image":"","background-repeat":"repeat","background-position":"center center","background-size":"auto","background-attachment":"scroll","background-type":"","background-media":"","overlay-type":"","overlay-color":"","overlay-opacity":"","overlay-gradient":""}},"footnotes":""},"class_list":["post-22","page","type-page","status-publish","hentry"],"_links":{"self":[{"href":"https:\/\/rentwise-housing.com\/es\/wp-json\/wp\/v2\/pages\/22","targetHints":{"allow":["GET"]}}],"collection":[{"href":"https:\/\/rentwise-housing.com\/es\/wp-json\/wp\/v2\/pages"}],"about":[{"href":"https:\/\/rentwise-housing.com\/es\/wp-json\/wp\/v2\/types\/page"}],"author":[{"embeddable":true,"href":"https:\/\/rentwise-housing.com\/es\/wp-json\/wp\/v2\/users\/6"}],"replies":[{"embeddable":true,"href":"https:\/\/rentwise-housing.com\/es\/wp-json\/wp\/v2\/comments?post=22"}],"version-history":[{"count":34,"href":"https:\/\/rentwise-housing.com\/es\/wp-json\/wp\/v2\/pages\/22\/revisions"}],"predecessor-version":[{"id":1128,"href":"https:\/\/rentwise-housing.com\/es\/wp-json\/wp\/v2\/pages\/22\/revisions\/1128"}],"wp:attachment":[{"href":"https:\/\/rentwise-housing.com\/es\/wp-json\/wp\/v2\/media?parent=22"}],"curies":[{"name":"wp","href":"https:\/\/api.w.org\/{rel}","templated":true}]}}